{"id":1263,"date":"2025-06-19T17:21:58","date_gmt":"2025-06-19T17:21:58","guid":{"rendered":"https:\/\/naluvaproperties.com\/?page_id=1263"},"modified":"2026-01-02T22:10:24","modified_gmt":"2026-01-02T22:10:24","slug":"blog","status":"publish","type":"page","link":"https:\/\/naluvaproperties.com\/en\/blog\/","title":{"rendered":"Blog"},"content":{"rendered":"<div data-elementor-type=\"wp-page\" data-elementor-id=\"1263\" class=\"elementor elementor-1263\">\n\t\t\t\t<div class=\"elementor-element elementor-element-e821b60 e-flex e-con-boxed wpr-particle-no wpr-jarallax-no wpr-parallax-no wpr-sticky-section-no wpr-equal-height-no e-con e-parent\" data-id=\"e821b60\" data-element_type=\"container\" data-e-type=\"container\">\n\t\t\t\t\t<div class=\"e-con-inner\">\n\t\t\t\t<div class=\"elementor-element elementor-element-4fc300b exad-sticky-section-no exad-glass-effect-no elementor-widget elementor-widget-heading\" data-id=\"4fc300b\" data-element_type=\"widget\" data-e-type=\"widget\" data-widget_type=\"heading.default\">\n\t\t\t\t<div class=\"elementor-widget-container\">\n\t\t\t\t\t<h2 class=\"elementor-heading-title elementor-size-default\">Articles and News You Might Like<\/h2>\t\t\t\t<\/div>\n\t\t\t\t<\/div>\n\t\t\t\t<div class=\"elementor-element elementor-element-6759a57 exad-sticky-section-no exad-glass-effect-no elementor-widget elementor-widget-text-editor\" data-id=\"6759a57\" data-element_type=\"widget\" data-e-type=\"widget\" data-widget_type=\"text-editor.default\">\n\t\t\t\t<div class=\"elementor-widget-container\">\n\t\t\t\t\t\t\t\t\t<p>Browse your preferred category and check out the articles and news we have for you. Let\u2019s move forward together \u2014 it\u2019s easier that way.\u00a0<\/p>\t\t\t\t\t\t\t\t<\/div>\n\t\t\t\t<\/div>\n\t\t<div class=\"elementor-element elementor-element-a7bc44b e-con-full e-flex wpr-particle-no wpr-jarallax-no wpr-parallax-no wpr-sticky-section-no wpr-equal-height-no e-con e-child\" data-id=\"a7bc44b\" data-element_type=\"container\" data-e-type=\"container\">\n\t\t\t\t<div class=\"elementor-element elementor-element-750be64 exad-sticky-section-no exad-glass-effect-no elementor-widget elementor-widget-exad-filterable-post\" data-id=\"750be64\" data-element_type=\"widget\" data-e-type=\"widget\" data-widget_type=\"exad-filterable-post.default\">\n\t\t\t\t<div class=\"elementor-widget-container\">\n\t\t\t\t\t\r\n\t\t<div class=\"exad-filterable-items exad-filterable-menu-container-align-top\" id =\"exad-filterable-filterable-id-750be64\">\r\n\t\t\t\t\t\t<div class=\"exad-filterable-menu-container\">\r\n\t\t\t\t\t\r\n\t\t<ul class=\"exad-filterable-menu\"  >\r\n\t\t\t<li class=\"filter-item current\"  data-filter=\"*\">\r\n\t\t\t\tAll\t\t\t<\/li>\r\n\t\t\t\t\t\t\t\t<li class=\"filter-item\" data-filter=\".gestion-de-propiedades\">\r\n\t\t\t\t\t\tProperty management\t\t\t\t\t<\/li>\r\n\t\t\t\t\t\t\r\n\t\t<\/ul>\r\n\t\r\n    \t\t\t<\/div>\r\n\t\t\t\t\t\t<div class=\"exad-filterable-controls\">\r\n\t\t\t\t<div class=\"filterable-post-container exad-row-wrapper exad-col-3\" id=\"filters-750be64\">\r\n\t\t\t\t\t\r\n<article class=\"exad-post-grid-three exad-col  exad-filterable-item gestion-de-propiedades\">\r\n    <div class=\"exad-post-grid-container image-position-top exad-post-grid-equal-height-\">\r\n                    <figure class=\"exad-post-grid-thumbnail\">\r\n                <a href=\"https:\/\/naluvaproperties.com\/en\/gestion-de-propiedades-vacacionales-de-forma-profesional-maximiza-tu-inversion-con-especialistas\/\" >\r\n                    <img fetchpriority=\"high\" decoding=\"async\" width=\"768\" height=\"512\" src=\"https:\/\/naluvaproperties.com\/wp-content\/uploads\/2025\/12\/pexels-n-voitkevich-8062280-768x512.jpg\" class=\"attachment-medium_large size-medium_large wp-post-image\" alt=\"\" srcset=\"https:\/\/naluvaproperties.com\/wp-content\/uploads\/2025\/12\/pexels-n-voitkevich-8062280-768x512.jpg 768w, https:\/\/naluvaproperties.com\/wp-content\/uploads\/2025\/12\/pexels-n-voitkevich-8062280-300x200.jpg 300w, https:\/\/naluvaproperties.com\/wp-content\/uploads\/2025\/12\/pexels-n-voitkevich-8062280-1024x682.jpg 1024w, https:\/\/naluvaproperties.com\/wp-content\/uploads\/2025\/12\/pexels-n-voitkevich-8062280-18x12.jpg 18w, https:\/\/naluvaproperties.com\/wp-content\/uploads\/2025\/12\/pexels-n-voitkevich-8062280.jpg 1280w\" sizes=\"(max-width: 768px) 100vw, 768px\" \/>                <\/a>\r\n                \r\n                            <\/figure>\r\n        \t\t\r\n\t\t        <div class=\"exad-post-grid-body\">\r\n                            <ul class=\"exad-post-grid-category cat-posdefault\">\r\n                    <li><a href=\"https:\/\/naluvaproperties.com\/en\/category\/gestion-de-propiedades\/\">Property management<\/a><\/li>                <\/ul>\r\n                                <ul class=\"exad-post-data show-avatar-no\">\r\n                                                                            <li class=\"exad-post-date\">\r\n                                <span>\r\n                                                                        <a href=\"https:\/\/naluvaproperties.com\/en\/gestion-de-propiedades-vacacionales-de-forma-profesional-maximiza-tu-inversion-con-especialistas\/\" class=\"exad-post-grid-author-date\">December 31, 2025<\/a>\r\n                                <\/span>                          \r\n                            <\/li> \r\n                           \r\n                    <\/ul>\r\n                \t\t\t\t\r\n\t\t\t\t\t\t\t\r\n                    <h3>\r\n\t\t\t\t\t\r\n\t\t\t\t\t\t\t\t\r\n                        <a href=\"https:\/\/naluvaproperties.com\/en\/gestion-de-propiedades-vacacionales-de-forma-profesional-maximiza-tu-inversion-con-especialistas\/\" class=\"exad-post-grid-title\">Professional Vacation Property Management. Maximize Your Investment...<\/a>\r\n\t\t\t\t\t\t\r\n\t\t\t\t\t\t\r\n                    <\/h3>\r\n\t\t\t\t\t\r\n\t\t\t\t\t\t\t\t\r\n                                <ul class=\"exad-post-grid-time-comment\">\r\n                                        <li class=\"exad-post-grid-read-time\">5 min read<\/li>\r\n                                    <\/ul>\r\n                            <div class=\"exad-post-grid-description\">\r\n                    Are you a vacation property owner and feel that managing it consumes more time than you have available? Are you worried about not maximizing the full potential of your investment?...                <\/div>\r\n                            <div class=\"exad-post-footer\"><a href=\"https:\/\/naluvaproperties.com\/en\/gestion-de-propiedades-vacacionales-de-forma-profesional-maximiza-tu-inversion-con-especialistas\/\" target=\"_blank\" class=\"read-more\">Read More<\/a><\/div>\r\n            \r\n        <\/div>\r\n        \t\t\r\n\t\t\t\t\r\n    <\/div>\r\n<\/article>\r\n\t\t\t\t<\/div>\r\n\t\t\t<\/div>\r\n\t\t<\/div>\r\n    \t\t\t\t\t<\/div>\n\t\t\t\t<\/div>\n\t\t\t\t<\/div>\n\t\t\t\t\t<\/div>\n\t\t\t\t<\/div>\n\t\t<div class=\"elementor-element elementor-element-ae22c27 e-flex e-con-boxed wpr-particle-no wpr-jarallax-no wpr-parallax-no wpr-sticky-section-no wpr-equal-height-no e-con e-parent\" data-id=\"ae22c27\" data-element_type=\"container\" data-e-type=\"container\">\n\t\t\t\t\t<div class=\"e-con-inner\">\n\t\t\t\t\t<\/div>\n\t\t\t\t<\/div>\n\t\t\t\t<\/div>","protected":false},"excerpt":{"rendered":"<p>Art\u00edculos y noticias que te pueden interesar Busca en la categor\u00eda de tu preferencia y mira los art\u00edculos y noticias que tenemos para ti. Avancemos juntos, que as\u00ed es m\u00e1s f\u00e1cil.\u00a0 Todo Gesti\u00f3n de Propiedades Gesti\u00f3n de Propiedades 31 de diciembre de 2025 Gesti\u00f3n de propiedades vacacionales de forma profesional. Maximiza tu Inversi\u00f3n&#8230; 5 min read \u00bfEres propietario de una propiedad vacacional y sientes que gestionarla te consume m\u00e1s tiempo del que dispones? \u00bfTe preocupa no estar sacando todo el potencial&#8230; Leer m\u00e1s<\/p>","protected":false},"author":1,"featured_media":47,"parent":0,"menu_order":0,"comment_status":"closed","ping_status":"closed","template":"","meta":{"site-sidebar-layout":"no-sidebar","site-content-layout":"","ast-site-content-layout":"full-width-container","site-content-style":"default","site-sidebar-style":"default","ast-global-header-display":"","ast-banner-title-visibility":"","ast-main-header-display":"","ast-hfb-above-header-display":"","ast-hfb-below-header-display":"","ast-hfb-mobile-header-display":"","site-post-title":"disabled","ast-breadcrumbs-content":"","ast-featured-img":"disabled","footer-sml-layout":"","ast-disable-related-posts":"","theme-transparent-header-meta":"","adv-header-id-meta":"","stick-header-meta":"","header-above-stick-meta":"","header-main-stick-meta":"","header-below-stick-meta":"","astra-migrate-meta-layouts":"default","ast-page-background-enabled":"default","ast-page-background-meta":{"desktop":{"background-color":"var(--ast-global-color-5)","background-image":"","background-repeat":"repeat","background-position":"center center","background-size":"auto","background-attachment":"scroll","background-type":"","background-media":"","overlay-type":"","overlay-color":"","overlay-opacity":"","overlay-gradient":""},"tablet":{"background-color":"","background-image":"","background-repeat":"repeat","background-position":"center center","background-size":"auto","background-attachment":"scroll","background-type":"","background-media":"","overlay-type":"","overlay-color":"","overlay-opacity":"","overlay-gradient":""},"mobile":{"background-color":"","background-image":"","background-repeat":"repeat","background-position":"center center","background-size":"auto","background-attachment":"scroll","background-type":"","background-media":"","overlay-type":"","overlay-color":"","overlay-opacity":"","overlay-gradient":""}},"ast-content-background-meta":{"desktop":{"background-color":"var(--ast-global-color-4)","background-image":"","background-repeat":"repeat","background-position":"center center","background-size":"auto","background-attachment":"scroll","background-type":"","background-media":"","overlay-type":"","overlay-color":"","overlay-opacity":"","overlay-gradient":""},"tablet":{"background-color":"var(--ast-global-color-4)","background-image":"","background-repeat":"repeat","background-position":"center center","background-size":"auto","background-attachment":"scroll","background-type":"","background-media":"","overlay-type":"","overlay-color":"","overlay-opacity":"","overlay-gradient":""},"mobile":{"background-color":"var(--ast-global-color-4)","background-image":"","background-repeat":"repeat","background-position":"center center","background-size":"auto","background-attachment":"scroll","background-type":"","background-media":"","overlay-type":"","overlay-color":"","overlay-opacity":"","overlay-gradient":""}},"footnotes":""},"class_list":["post-1263","page","type-page","status-publish","has-post-thumbnail","hentry"],"yoast_head":"<!-- This site is optimized with the Yoast SEO plugin v27.4 - https:\/\/yoast.com\/product\/yoast-seo-wordpress\/ -->\n<title>Blog - Naluva Property Manager<\/title>\n<meta name=\"description\" content=\"Aqu\u00ed encontrar\u00e1s art\u00edculos de temas relacionados con la administraci\u00f3n de propiedades en plataformas de rentas cortas como Airbnb y otras.\" \/>\n<meta name=\"robots\" content=\"index, follow, max-snippet:-1, max-image-preview:large, max-video-preview:-1\" \/>\n<link rel=\"canonical\" href=\"https:\/\/naluvaproperties.com\/en\/blog\/\" \/>\n<meta property=\"og:locale\" content=\"en_US\" \/>\n<meta property=\"og:type\" content=\"article\" \/>\n<meta property=\"og:title\" content=\"Blog - Naluva Property Manager\" \/>\n<meta property=\"og:description\" content=\"Aqu\u00ed encontrar\u00e1s art\u00edculos de temas relacionados con la administraci\u00f3n de propiedades en plataformas de rentas cortas como Airbnb y otras.\" \/>\n<meta property=\"og:url\" content=\"https:\/\/naluvaproperties.com\/en\/blog\/\" \/>\n<meta property=\"og:site_name\" content=\"Naluva Property Manager\" \/>\n<meta property=\"article:publisher\" content=\"https:\/\/www.facebook.com\/naluva.rd\" \/>\n<meta property=\"article:modified_time\" content=\"2026-01-02T22:10:24+00:00\" \/>\n<meta property=\"og:image\" content=\"https:\/\/naluvaproperties.com\/wp-content\/uploads\/2025\/06\/administracion-de-propiedades-en-airbnb-naluva-.jpg\" \/>\n\t<meta property=\"og:image:width\" content=\"1500\" \/>\n\t<meta property=\"og:image:height\" content=\"1000\" \/>\n\t<meta property=\"og:image:type\" content=\"image\/jpeg\" \/>\n<meta name=\"twitter:card\" content=\"summary_large_image\" \/>\n<meta name=\"twitter:label1\" content=\"Est. reading time\" \/>\n\t<meta name=\"twitter:data1\" content=\"1 minute\" \/>\n<script type=\"application\/ld+json\" class=\"yoast-schema-graph\">{\"@context\":\"https:\\\/\\\/schema.org\",\"@graph\":[{\"@type\":\"WebPage\",\"@id\":\"https:\\\/\\\/naluvaproperties.com\\\/blog\\\/\",\"url\":\"https:\\\/\\\/naluvaproperties.com\\\/blog\\\/\",\"name\":\"Blog - Naluva Property Manager\",\"isPartOf\":{\"@id\":\"https:\\\/\\\/naluvaproperties.com\\\/#website\"},\"primaryImageOfPage\":{\"@id\":\"https:\\\/\\\/naluvaproperties.com\\\/blog\\\/#primaryimage\"},\"image\":{\"@id\":\"https:\\\/\\\/naluvaproperties.com\\\/blog\\\/#primaryimage\"},\"thumbnailUrl\":\"https:\\\/\\\/naluvaproperties.com\\\/wp-content\\\/uploads\\\/2025\\\/06\\\/administracion-de-propiedades-en-airbnb-naluva-.jpg\",\"datePublished\":\"2025-06-19T17:21:58+00:00\",\"dateModified\":\"2026-01-02T22:10:24+00:00\",\"description\":\"Aqu\u00ed encontrar\u00e1s art\u00edculos de temas relacionados con la administraci\u00f3n de propiedades en plataformas de rentas cortas como Airbnb y otras.\",\"breadcrumb\":{\"@id\":\"https:\\\/\\\/naluvaproperties.com\\\/blog\\\/#breadcrumb\"},\"inLanguage\":\"en-US\",\"potentialAction\":[{\"@type\":\"ReadAction\",\"target\":[\"https:\\\/\\\/naluvaproperties.com\\\/blog\\\/\"]}]},{\"@type\":\"ImageObject\",\"inLanguage\":\"en-US\",\"@id\":\"https:\\\/\\\/naluvaproperties.com\\\/blog\\\/#primaryimage\",\"url\":\"https:\\\/\\\/naluvaproperties.com\\\/wp-content\\\/uploads\\\/2025\\\/06\\\/administracion-de-propiedades-en-airbnb-naluva-.jpg\",\"contentUrl\":\"https:\\\/\\\/naluvaproperties.com\\\/wp-content\\\/uploads\\\/2025\\\/06\\\/administracion-de-propiedades-en-airbnb-naluva-.jpg\",\"width\":1500,\"height\":1000},{\"@type\":\"BreadcrumbList\",\"@id\":\"https:\\\/\\\/naluvaproperties.com\\\/blog\\\/#breadcrumb\",\"itemListElement\":[{\"@type\":\"ListItem\",\"position\":1,\"name\":\"Home\",\"item\":\"https:\\\/\\\/naluvaproperties.com\\\/\"},{\"@type\":\"ListItem\",\"position\":2,\"name\":\"Blog\"}]},{\"@type\":\"WebSite\",\"@id\":\"https:\\\/\\\/naluvaproperties.com\\\/#website\",\"url\":\"https:\\\/\\\/naluvaproperties.com\\\/\",\"name\":\"Naluva Property Manager\",\"description\":\"\",\"publisher\":{\"@id\":\"https:\\\/\\\/naluvaproperties.com\\\/#organization\"},\"potentialAction\":[{\"@type\":\"SearchAction\",\"target\":{\"@type\":\"EntryPoint\",\"urlTemplate\":\"https:\\\/\\\/naluvaproperties.com\\\/?s={search_term_string}\"},\"query-input\":{\"@type\":\"PropertyValueSpecification\",\"valueRequired\":true,\"valueName\":\"search_term_string\"}}],\"inLanguage\":\"en-US\"},{\"@type\":\"Organization\",\"@id\":\"https:\\\/\\\/naluvaproperties.com\\\/#organization\",\"name\":\"Naluva Property Manager\",\"url\":\"https:\\\/\\\/naluvaproperties.com\\\/\",\"logo\":{\"@type\":\"ImageObject\",\"inLanguage\":\"en-US\",\"@id\":\"https:\\\/\\\/naluvaproperties.com\\\/#\\\/schema\\\/logo\\\/image\\\/\",\"url\":\"https:\\\/\\\/naluvaproperties.com\\\/wp-content\\\/uploads\\\/2025\\\/06\\\/Logo-Naluva-Property-Manager-1.png\",\"contentUrl\":\"https:\\\/\\\/naluvaproperties.com\\\/wp-content\\\/uploads\\\/2025\\\/06\\\/Logo-Naluva-Property-Manager-1.png\",\"width\":1000,\"height\":1000,\"caption\":\"Naluva Property Manager\"},\"image\":{\"@id\":\"https:\\\/\\\/naluvaproperties.com\\\/#\\\/schema\\\/logo\\\/image\\\/\"},\"sameAs\":[\"https:\\\/\\\/www.facebook.com\\\/naluva.rd\",\"https:\\\/\\\/www.instagram.com\\\/naluva.rd\"]}]}<\/script>\n<!-- \/ Yoast SEO plugin. -->","yoast_head_json":{"title":"Blog - Naluva Property Manager","description":"Aqu\u00ed encontrar\u00e1s art\u00edculos de temas relacionados con la administraci\u00f3n de propiedades en plataformas de rentas cortas como Airbnb y otras.","robots":{"index":"index","follow":"follow","max-snippet":"max-snippet:-1","max-image-preview":"max-image-preview:large","max-video-preview":"max-video-preview:-1"},"canonical":"https:\/\/naluvaproperties.com\/en\/blog\/","og_locale":"en_US","og_type":"article","og_title":"Blog - Naluva Property Manager","og_description":"Aqu\u00ed encontrar\u00e1s art\u00edculos de temas relacionados con la administraci\u00f3n de propiedades en plataformas de rentas cortas como Airbnb y otras.","og_url":"https:\/\/naluvaproperties.com\/en\/blog\/","og_site_name":"Naluva Property Manager","article_publisher":"https:\/\/www.facebook.com\/naluva.rd","article_modified_time":"2026-01-02T22:10:24+00:00","og_image":[{"width":1500,"height":1000,"url":"https:\/\/naluvaproperties.com\/wp-content\/uploads\/2025\/06\/administracion-de-propiedades-en-airbnb-naluva-.jpg","type":"image\/jpeg"}],"twitter_card":"summary_large_image","twitter_misc":{"Est. reading time":"1 minute"},"schema":{"@context":"https:\/\/schema.org","@graph":[{"@type":"WebPage","@id":"https:\/\/naluvaproperties.com\/blog\/","url":"https:\/\/naluvaproperties.com\/blog\/","name":"Blog - Naluva Property Manager","isPartOf":{"@id":"https:\/\/naluvaproperties.com\/#website"},"primaryImageOfPage":{"@id":"https:\/\/naluvaproperties.com\/blog\/#primaryimage"},"image":{"@id":"https:\/\/naluvaproperties.com\/blog\/#primaryimage"},"thumbnailUrl":"https:\/\/naluvaproperties.com\/wp-content\/uploads\/2025\/06\/administracion-de-propiedades-en-airbnb-naluva-.jpg","datePublished":"2025-06-19T17:21:58+00:00","dateModified":"2026-01-02T22:10:24+00:00","description":"Aqu\u00ed encontrar\u00e1s art\u00edculos de temas relacionados con la administraci\u00f3n de propiedades en plataformas de rentas cortas como Airbnb y otras.","breadcrumb":{"@id":"https:\/\/naluvaproperties.com\/blog\/#breadcrumb"},"inLanguage":"en-US","potentialAction":[{"@type":"ReadAction","target":["https:\/\/naluvaproperties.com\/blog\/"]}]},{"@type":"ImageObject","inLanguage":"en-US","@id":"https:\/\/naluvaproperties.com\/blog\/#primaryimage","url":"https:\/\/naluvaproperties.com\/wp-content\/uploads\/2025\/06\/administracion-de-propiedades-en-airbnb-naluva-.jpg","contentUrl":"https:\/\/naluvaproperties.com\/wp-content\/uploads\/2025\/06\/administracion-de-propiedades-en-airbnb-naluva-.jpg","width":1500,"height":1000},{"@type":"BreadcrumbList","@id":"https:\/\/naluvaproperties.com\/blog\/#breadcrumb","itemListElement":[{"@type":"ListItem","position":1,"name":"Home","item":"https:\/\/naluvaproperties.com\/"},{"@type":"ListItem","position":2,"name":"Blog"}]},{"@type":"WebSite","@id":"https:\/\/naluvaproperties.com\/#website","url":"https:\/\/naluvaproperties.com\/","name":"Naluva Property Manager","description":"","publisher":{"@id":"https:\/\/naluvaproperties.com\/#organization"},"potentialAction":[{"@type":"SearchAction","target":{"@type":"EntryPoint","urlTemplate":"https:\/\/naluvaproperties.com\/?s={search_term_string}"},"query-input":{"@type":"PropertyValueSpecification","valueRequired":true,"valueName":"search_term_string"}}],"inLanguage":"en-US"},{"@type":"Organization","@id":"https:\/\/naluvaproperties.com\/#organization","name":"Naluva Property Manager","url":"https:\/\/naluvaproperties.com\/","logo":{"@type":"ImageObject","inLanguage":"en-US","@id":"https:\/\/naluvaproperties.com\/#\/schema\/logo\/image\/","url":"https:\/\/naluvaproperties.com\/wp-content\/uploads\/2025\/06\/Logo-Naluva-Property-Manager-1.png","contentUrl":"https:\/\/naluvaproperties.com\/wp-content\/uploads\/2025\/06\/Logo-Naluva-Property-Manager-1.png","width":1000,"height":1000,"caption":"Naluva Property Manager"},"image":{"@id":"https:\/\/naluvaproperties.com\/#\/schema\/logo\/image\/"},"sameAs":["https:\/\/www.facebook.com\/naluva.rd","https:\/\/www.instagram.com\/naluva.rd"]}]}},"_links":{"self":[{"href":"https:\/\/naluvaproperties.com\/en\/wp-json\/wp\/v2\/pages\/1263","targetHints":{"allow":["GET"]}}],"collection":[{"href":"https:\/\/naluvaproperties.com\/en\/wp-json\/wp\/v2\/pages"}],"about":[{"href":"https:\/\/naluvaproperties.com\/en\/wp-json\/wp\/v2\/types\/page"}],"author":[{"embeddable":true,"href":"https:\/\/naluvaproperties.com\/en\/wp-json\/wp\/v2\/users\/1"}],"replies":[{"embeddable":true,"href":"https:\/\/naluvaproperties.com\/en\/wp-json\/wp\/v2\/comments?post=1263"}],"version-history":[{"count":31,"href":"https:\/\/naluvaproperties.com\/en\/wp-json\/wp\/v2\/pages\/1263\/revisions"}],"predecessor-version":[{"id":2260,"href":"https:\/\/naluvaproperties.com\/en\/wp-json\/wp\/v2\/pages\/1263\/revisions\/2260"}],"wp:featuredmedia":[{"embeddable":true,"href":"https:\/\/naluvaproperties.com\/en\/wp-json\/wp\/v2\/media\/47"}],"wp:attachment":[{"href":"https:\/\/naluvaproperties.com\/en\/wp-json\/wp\/v2\/media?parent=1263"}],"curies":[{"name":"wp","href":"https:\/\/api.w.org\/{rel}","templated":true}]}}