{"id":1265,"date":"2025-06-19T17:28:43","date_gmt":"2025-06-19T17:28:43","guid":{"rendered":"https:\/\/naluvaproperties.com\/?page_id=1265"},"modified":"2025-12-28T02:02:30","modified_gmt":"2025-12-28T02:02:30","slug":"propiedades","status":"publish","type":"page","link":"https:\/\/naluvaproperties.com\/en\/propiedades\/","title":{"rendered":"Propiedades"},"content":{"rendered":"<div data-elementor-type=\"wp-page\" data-elementor-id=\"1265\" class=\"elementor elementor-1265\">\n\t\t\t\t\t\t<section class=\"elementor-section elementor-top-section elementor-element elementor-element-q300jkk elementor-section-height-min-height elementor-section-full_width elementor-section-height-default elementor-section-items-middle exad-glass-effect-no wpr-particle-no wpr-jarallax-no wpr-parallax-no wpr-sticky-section-no wpr-equal-height-no exad-sticky-section-no\" data-id=\"q300jkk\" data-element_type=\"section\" data-e-type=\"section\" data-settings=\"{&quot;background_background&quot;:&quot;classic&quot;}\">\n\t\t\t\t\t\t\t<div class=\"elementor-background-overlay\"><\/div>\n\t\t\t\t\t\t\t<div class=\"elementor-container elementor-column-gap-default\">\n\t\t\t\t\t<div class=\"elementor-column elementor-col-100 elementor-top-column elementor-element elementor-element-5ffd739 exad-glass-effect-no exad-sticky-section-no\" data-id=\"5ffd739\" data-element_type=\"column\" data-e-type=\"column\">\n\t\t\t<div class=\"elementor-widget-wrap\">\n\t\t\t\t\t\t\t<\/div>\n\t\t<\/div>\n\t\t\t\t\t<\/div>\n\t\t<\/section>\n\t\t\t\t<section class=\"elementor-section elementor-top-section elementor-element elementor-element-pegny5g elementor-section-content-middle elementor-section-full_width elementor-section-height-default elementor-section-height-default exad-glass-effect-no wpr-particle-no wpr-jarallax-no wpr-parallax-no wpr-sticky-section-no wpr-equal-height-no exad-sticky-section-no\" data-id=\"pegny5g\" data-element_type=\"section\" data-e-type=\"section\" data-settings=\"{&quot;background_background&quot;:&quot;classic&quot;}\">\n\t\t\t\t\t\t\t<div class=\"elementor-background-overlay\"><\/div>\n\t\t\t\t\t\t\t<div class=\"elementor-container elementor-column-gap-no\">\n\t\t\t\t\t<div class=\"elementor-column elementor-col-100 elementor-top-column elementor-element elementor-element-60772b1 exad-glass-effect-no exad-sticky-section-no\" data-id=\"60772b1\" data-element_type=\"column\" data-e-type=\"column\">\n\t\t\t<div class=\"elementor-widget-wrap elementor-element-populated\">\n\t\t\t\t\t\t<div class=\"elementor-element elementor-element-1e19f71 exad-sticky-section-no exad-glass-effect-no elementor-widget elementor-widget-heading\" data-id=\"1e19f71\" data-element_type=\"widget\" data-e-type=\"widget\" data-widget_type=\"heading.default\">\n\t\t\t\t<div class=\"elementor-widget-container\">\n\t\t\t\t\t<h2 class=\"elementor-heading-title elementor-size-default\">Properties we manage<\/h2>\t\t\t\t<\/div>\n\t\t\t\t<\/div>\n\t\t\t\t<div class=\"elementor-element elementor-element-7872c98 exad-sticky-section-no exad-glass-effect-no elementor-widget elementor-widget-heading\" data-id=\"7872c98\" data-element_type=\"widget\" data-e-type=\"widget\" data-widget_type=\"heading.default\">\n\t\t\t\t<div class=\"elementor-widget-container\">\n\t\t\t\t\t<h2 class=\"elementor-heading-title elementor-size-default\">List of Properties We Manage on Airbnb<\/h2>\t\t\t\t<\/div>\n\t\t\t\t<\/div>\n\t\t\t\t<section class=\"elementor-section elementor-inner-section elementor-element elementor-element-0834d95 elementor-section-boxed elementor-section-height-default elementor-section-height-default exad-glass-effect-no wpr-particle-no wpr-jarallax-no wpr-parallax-no wpr-sticky-section-no wpr-equal-height-no exad-sticky-section-no\" data-id=\"0834d95\" data-element_type=\"section\" data-e-type=\"section\">\n\t\t\t\t\t\t<div class=\"elementor-container elementor-column-gap-custom\">\n\t\t\t\t\t<div class=\"elementor-column elementor-col-33 elementor-inner-column elementor-element elementor-element-9f2b31d exad-glass-effect-no exad-sticky-section-no\" data-id=\"9f2b31d\" data-element_type=\"column\" data-e-type=\"column\">\n\t\t\t<div class=\"elementor-widget-wrap elementor-element-populated\">\n\t\t\t\t\t\t<div class=\"elementor-element elementor-element-de12ab1 exad-sticky-section-no exad-glass-effect-no elementor-widget elementor-widget-exad-exclusive-card\" data-id=\"de12ab1\" data-element_type=\"widget\" data-e-type=\"widget\" data-widget_type=\"exad-exclusive-card.default\">\n\t\t\t\t<div class=\"elementor-widget-container\">\n\t\t\t\t\t\r\n\t\t<div class=\"exad-card left default yes\">\r\n\t\t\t\t        \t<div class=\"exad-card-thumb\">\r\n\t\t\t\t\t<img fetchpriority=\"high\" decoding=\"async\" width=\"2560\" height=\"1920\" src=\"https:\/\/naluvaproperties.com\/wp-content\/uploads\/2025\/12\/IMG_20251117_122431-scaled.jpg\" class=\"attachment-full size-full wp-image-2197\" alt=\"\" srcset=\"https:\/\/naluvaproperties.com\/wp-content\/uploads\/2025\/12\/IMG_20251117_122431-scaled.jpg 2560w, https:\/\/naluvaproperties.com\/wp-content\/uploads\/2025\/12\/IMG_20251117_122431-300x225.jpg 300w, https:\/\/naluvaproperties.com\/wp-content\/uploads\/2025\/12\/IMG_20251117_122431-1024x768.jpg 1024w, https:\/\/naluvaproperties.com\/wp-content\/uploads\/2025\/12\/IMG_20251117_122431-768x576.jpg 768w, https:\/\/naluvaproperties.com\/wp-content\/uploads\/2025\/12\/IMG_20251117_122431-1536x1152.jpg 1536w, https:\/\/naluvaproperties.com\/wp-content\/uploads\/2025\/12\/IMG_20251117_122431-2048x1536.jpg 2048w, https:\/\/naluvaproperties.com\/wp-content\/uploads\/2025\/12\/IMG_20251117_122431-16x12.jpg 16w\" sizes=\"(max-width: 2560px) 100vw, 2560px\" \/>\t\t\t\t<\/div>\r\n\t\t\t\t\t\t\t<div class=\"exad-card-badge\">\r\n\t\t\t\t\tAirbnb\t\t\t\t<\/div>\r\n\t\t\t\t\r\n          \t<div class=\"exad-card-body\">\r\n\t\t\t  \t\t          \t\t<a class=\"exad-card-title\">\r\n\t            \t\t<span>Villa con Piscina Privada en Vista Cana  - Punta Cana\t\t\t\t\t\t<\/span>\r\n\t        \t\t<\/a>\r\n\t\t\t\t\t<div class=\"exad-card-description\">9 hu\u00e9spedes - 4 habitaciones - 5 camas - 3.5 ba\u00f1os<\/div>\t\t\t\t\t<a class=\"exad-card-action\" href=\"http:\/\/airbnb.com\/h\/lasperlas2vistacana\" target=\"_blank\">\r\n\t\t\t\t\t\t\r\n\t\t\t\t\t\t<span>\r\n\t\t\t\t\t\t\tView on Airbnb\t\t\t\t\t\t<\/span>\r\n\r\n\t\t\t\t\t\t\t            \t<\/a>\r\n\t\t\t\t          \t<\/div>\r\n        <\/div>\r\n\t\t\t\t\t<\/div>\n\t\t\t\t<\/div>\n\t\t\t\t\t<\/div>\n\t\t<\/div>\n\t\t\t\t<div class=\"elementor-column elementor-col-33 elementor-inner-column elementor-element elementor-element-e6d9e94 exad-glass-effect-no exad-sticky-section-no\" data-id=\"e6d9e94\" data-element_type=\"column\" data-e-type=\"column\">\n\t\t\t<div class=\"elementor-widget-wrap elementor-element-populated\">\n\t\t\t\t\t\t<div class=\"elementor-element elementor-element-cc2e24b exad-sticky-section-no exad-glass-effect-no elementor-widget elementor-widget-exad-exclusive-card\" data-id=\"cc2e24b\" data-element_type=\"widget\" data-e-type=\"widget\" data-widget_type=\"exad-exclusive-card.default\">\n\t\t\t\t<div class=\"elementor-widget-container\">\n\t\t\t\t\t\r\n\t\t<div class=\"exad-card left default yes\">\r\n\t\t\t\t        \t<div class=\"exad-card-thumb\">\r\n\t\t\t\t\t<img decoding=\"async\" width=\"2560\" height=\"1920\" src=\"https:\/\/naluvaproperties.com\/wp-content\/uploads\/2025\/12\/IMG_20250916_123022-scaled.jpg\" class=\"attachment-full size-full wp-image-2199\" alt=\"\" srcset=\"https:\/\/naluvaproperties.com\/wp-content\/uploads\/2025\/12\/IMG_20250916_123022-scaled.jpg 2560w, https:\/\/naluvaproperties.com\/wp-content\/uploads\/2025\/12\/IMG_20250916_123022-300x225.jpg 300w, https:\/\/naluvaproperties.com\/wp-content\/uploads\/2025\/12\/IMG_20250916_123022-1024x768.jpg 1024w, https:\/\/naluvaproperties.com\/wp-content\/uploads\/2025\/12\/IMG_20250916_123022-768x576.jpg 768w, https:\/\/naluvaproperties.com\/wp-content\/uploads\/2025\/12\/IMG_20250916_123022-1536x1152.jpg 1536w, https:\/\/naluvaproperties.com\/wp-content\/uploads\/2025\/12\/IMG_20250916_123022-2048x1536.jpg 2048w, https:\/\/naluvaproperties.com\/wp-content\/uploads\/2025\/12\/IMG_20250916_123022-16x12.jpg 16w\" sizes=\"(max-width: 2560px) 100vw, 2560px\" \/>\t\t\t\t<\/div>\r\n\t\t\t\t\t\t\t<div class=\"exad-card-badge\">\r\n\t\t\t\t\tAirbnb\t\t\t\t<\/div>\r\n\t\t\t\t\r\n          \t<div class=\"exad-card-body\">\r\n\t\t\t  \t\t          \t\t<a class=\"exad-card-title\">\r\n\t            \t\t<span>Villa con Piscina Privada en Vista Cana  - Punta Cana\t\t\t\t\t\t<\/span>\r\n\t        \t\t<\/a>\r\n\t\t\t\t\t<div class=\"exad-card-description\">9 hu\u00e9spedes - 4 habitaciones - 5 camas - 3.5 ba\u00f1os<\/div>\t\t\t\t\t<a class=\"exad-card-action\" href=\"http:\/\/airbnb.com\/h\/lasperlasvistacana\" target=\"_blank\">\r\n\t\t\t\t\t\t\r\n\t\t\t\t\t\t<span>\r\n\t\t\t\t\t\t\tView on Airbnb\t\t\t\t\t\t<\/span>\r\n\r\n\t\t\t\t\t\t\t            \t<\/a>\r\n\t\t\t\t          \t<\/div>\r\n        <\/div>\r\n\t\t\t\t\t<\/div>\n\t\t\t\t<\/div>\n\t\t\t\t\t<\/div>\n\t\t<\/div>\n\t\t\t\t<div class=\"elementor-column elementor-col-33 elementor-inner-column elementor-element elementor-element-2688e77 exad-glass-effect-no exad-sticky-section-no\" data-id=\"2688e77\" data-element_type=\"column\" data-e-type=\"column\">\n\t\t\t<div class=\"elementor-widget-wrap elementor-element-populated\">\n\t\t\t\t\t\t<div class=\"elementor-element elementor-element-95cd88c exad-sticky-section-no exad-glass-effect-no elementor-widget elementor-widget-exad-exclusive-card\" data-id=\"95cd88c\" data-element_type=\"widget\" data-e-type=\"widget\" data-widget_type=\"exad-exclusive-card.default\">\n\t\t\t\t<div class=\"elementor-widget-container\">\n\t\t\t\t\t\r\n\t\t<div class=\"exad-card left default yes\">\r\n\t\t\t\t        \t<div class=\"exad-card-thumb\">\r\n\t\t\t\t\t<img decoding=\"async\" width=\"2560\" height=\"1920\" src=\"https:\/\/naluvaproperties.com\/wp-content\/uploads\/2025\/12\/IMG_20251219_132552-scaled.jpg\" class=\"attachment-full size-full wp-image-2211\" alt=\"\" srcset=\"https:\/\/naluvaproperties.com\/wp-content\/uploads\/2025\/12\/IMG_20251219_132552-scaled.jpg 2560w, https:\/\/naluvaproperties.com\/wp-content\/uploads\/2025\/12\/IMG_20251219_132552-300x225.jpg 300w, https:\/\/naluvaproperties.com\/wp-content\/uploads\/2025\/12\/IMG_20251219_132552-1024x768.jpg 1024w, https:\/\/naluvaproperties.com\/wp-content\/uploads\/2025\/12\/IMG_20251219_132552-768x576.jpg 768w, https:\/\/naluvaproperties.com\/wp-content\/uploads\/2025\/12\/IMG_20251219_132552-1536x1152.jpg 1536w, https:\/\/naluvaproperties.com\/wp-content\/uploads\/2025\/12\/IMG_20251219_132552-2048x1536.jpg 2048w, https:\/\/naluvaproperties.com\/wp-content\/uploads\/2025\/12\/IMG_20251219_132552-16x12.jpg 16w\" sizes=\"(max-width: 2560px) 100vw, 2560px\" \/>\t\t\t\t<\/div>\r\n\t\t\t\t\t\t\t<div class=\"exad-card-badge\">\r\n\t\t\t\t\tAirbnb\t\t\t\t<\/div>\r\n\t\t\t\t\r\n          \t<div class=\"exad-card-body\">\r\n\t\t\t  \t\t          \t\t<a class=\"exad-card-title\" href=\"http:\/\/airbnb.com\/h\/casaserenabrisasdelprado\" target=\"_blank\">\r\n\t            \t\t<span>Apartamento cerca del Aeropuerto de Santo Domingo\t\t\t\t\t\t<\/span>\r\n\t        \t\t<\/a>\r\n\t\t\t\t\t<div class=\"exad-card-description\">6 hu\u00e9spedes - 3 habitaciones - 4 camas - 2 ba\u00f1os<\/div>\t\t\t\t\t<a class=\"exad-card-action\" href=\"http:\/\/airbnb.com\/h\/casaserenabrisasdelprado\" target=\"_blank\">\r\n\t\t\t\t\t\t\r\n\t\t\t\t\t\t<span>\r\n\t\t\t\t\t\t\tView on Airbnb\t\t\t\t\t\t<\/span>\r\n\r\n\t\t\t\t\t\t\t            \t<\/a>\r\n\t\t\t\t          \t<\/div>\r\n        <\/div>\r\n\t\t\t\t\t<\/div>\n\t\t\t\t<\/div>\n\t\t\t\t\t<\/div>\n\t\t<\/div>\n\t\t\t\t\t<\/div>\n\t\t<\/section>\n\t\t\t\t\t<\/div>\n\t\t<\/div>\n\t\t\t\t\t<\/div>\n\t\t<\/section>\n\t\t\t\t<\/div>","protected":false},"excerpt":{"rendered":"<p>propiedades que administramos Listado de propiedades que administramos en Airbnb Airbnb Villa con Piscina Privada en Vista Cana &#8211; Punta Cana 9 hu\u00e9spedes &#8211; 4 habitaciones &#8211; 5 camas &#8211; 3.5 ba\u00f1os Ver en Airbnb Airbnb Villa con Piscina Privada en Vista Cana &#8211; Punta Cana 9 hu\u00e9spedes &#8211; 4 habitaciones &#8211; 5 camas &#8211; 3.5 ba\u00f1os Ver en Airbnb Airbnb Apartamento cerca del Aeropuerto de Santo Domingo 6 hu\u00e9spedes &#8211; 3 habitaciones &#8211; 4 camas &#8211; 2 ba\u00f1os Ver en Airbnb<\/p>","protected":false},"author":1,"featured_media":43,"parent":0,"menu_order":0,"comment_status":"closed","ping_status":"closed","template":"","meta":{"site-sidebar-layout":"no-sidebar","site-content-layout":"","ast-site-content-layout":"full-width-container","site-content-style":"default","site-sidebar-style":"default","ast-global-header-display":"","ast-banner-title-visibility":"","ast-main-header-display":"","ast-hfb-above-header-display":"","ast-hfb-below-header-display":"","ast-hfb-mobile-header-display":"","site-post-title":"disabled","ast-breadcrumbs-content":"","ast-featured-img":"disabled","footer-sml-layout":"","ast-disable-related-posts":"","theme-transparent-header-meta":"","adv-header-id-meta":"","stick-header-meta":"","header-above-stick-meta":"","header-main-stick-meta":"","header-below-stick-meta":"","astra-migrate-meta-layouts":"default","ast-page-background-enabled":"default","ast-page-background-meta":{"desktop":{"background-color":"var(--ast-global-color-5)","background-image":"","background-repeat":"repeat","background-position":"center center","background-size":"auto","background-attachment":"scroll","background-type":"","background-media":"","overlay-type":"","overlay-color":"","overlay-opacity":"","overlay-gradient":""},"tablet":{"background-color":"","background-image":"","background-repeat":"repeat","background-position":"center center","background-size":"auto","background-attachment":"scroll","background-type":"","background-media":"","overlay-type":"","overlay-color":"","overlay-opacity":"","overlay-gradient":""},"mobile":{"background-color":"","background-image":"","background-repeat":"repeat","background-position":"center center","background-size":"auto","background-attachment":"scroll","background-type":"","background-media":"","overlay-type":"","overlay-color":"","overlay-opacity":"","overlay-gradient":""}},"ast-content-background-meta":{"desktop":{"background-color":"var(--ast-global-color-4)","background-image":"","background-repeat":"repeat","background-position":"center center","background-size":"auto","background-attachment":"scroll","background-type":"","background-media":"","overlay-type":"","overlay-color":"","overlay-opacity":"","overlay-gradient":""},"tablet":{"background-color":"var(--ast-global-color-4)","background-image":"","background-repeat":"repeat","background-position":"center center","background-size":"auto","background-attachment":"scroll","background-type":"","background-media":"","overlay-type":"","overlay-color":"","overlay-opacity":"","overlay-gradient":""},"mobile":{"background-color":"var(--ast-global-color-4)","background-image":"","background-repeat":"repeat","background-position":"center center","background-size":"auto","background-attachment":"scroll","background-type":"","background-media":"","overlay-type":"","overlay-color":"","overlay-opacity":"","overlay-gradient":""}},"footnotes":""},"class_list":["post-1265","page","type-page","status-publish","has-post-thumbnail","hentry"],"yoast_head":"<!-- This site is optimized with the Yoast SEO plugin v27.4 - https:\/\/yoast.com\/product\/yoast-seo-wordpress\/ -->\n<title>Propiedades - Naluva Property Manager<\/title>\n<meta name=\"description\" content=\"Encuentra una propiedad en buenas condiciones para alojarte en tu viaje a Rep\u00fablica Dominicana. Reserva en la plataforma de tu preferencia.\" \/>\n<meta name=\"robots\" content=\"index, follow, max-snippet:-1, max-image-preview:large, max-video-preview:-1\" \/>\n<link rel=\"canonical\" href=\"https:\/\/naluvaproperties.com\/en\/propiedades\/\" \/>\n<meta property=\"og:locale\" content=\"en_US\" \/>\n<meta property=\"og:type\" content=\"article\" \/>\n<meta property=\"og:title\" content=\"Propiedades - Naluva Property Manager\" \/>\n<meta property=\"og:description\" content=\"Encuentra una propiedad en buenas condiciones para alojarte en tu viaje a Rep\u00fablica Dominicana. Reserva en la plataforma de tu preferencia.\" \/>\n<meta property=\"og:url\" content=\"https:\/\/naluvaproperties.com\/en\/propiedades\/\" \/>\n<meta property=\"og:site_name\" content=\"Naluva Property Manager\" \/>\n<meta property=\"article:publisher\" content=\"https:\/\/www.facebook.com\/naluva.rd\" \/>\n<meta property=\"article:modified_time\" content=\"2025-12-28T02:02:30+00:00\" \/>\n<meta property=\"og:image\" content=\"https:\/\/naluvaproperties.com\/wp-content\/uploads\/2025\/06\/gestionar-propiedades-en-airbnb-naluva-property-manager.jpg\" \/>\n\t<meta property=\"og:image:width\" content=\"1500\" \/>\n\t<meta property=\"og:image:height\" content=\"1000\" \/>\n\t<meta property=\"og:image:type\" content=\"image\/jpeg\" \/>\n<meta name=\"twitter:card\" content=\"summary_large_image\" \/>\n<meta name=\"twitter:label1\" content=\"Est. reading time\" \/>\n\t<meta name=\"twitter:data1\" content=\"1 minute\" \/>\n<script type=\"application\/ld+json\" class=\"yoast-schema-graph\">{\"@context\":\"https:\\\/\\\/schema.org\",\"@graph\":[{\"@type\":\"WebPage\",\"@id\":\"https:\\\/\\\/naluvaproperties.com\\\/propiedades\\\/\",\"url\":\"https:\\\/\\\/naluvaproperties.com\\\/propiedades\\\/\",\"name\":\"Propiedades - Naluva Property Manager\",\"isPartOf\":{\"@id\":\"https:\\\/\\\/naluvaproperties.com\\\/#website\"},\"primaryImageOfPage\":{\"@id\":\"https:\\\/\\\/naluvaproperties.com\\\/propiedades\\\/#primaryimage\"},\"image\":{\"@id\":\"https:\\\/\\\/naluvaproperties.com\\\/propiedades\\\/#primaryimage\"},\"thumbnailUrl\":\"https:\\\/\\\/naluvaproperties.com\\\/wp-content\\\/uploads\\\/2025\\\/06\\\/gestionar-propiedades-en-airbnb-naluva-property-manager.jpg\",\"datePublished\":\"2025-06-19T17:28:43+00:00\",\"dateModified\":\"2025-12-28T02:02:30+00:00\",\"description\":\"Encuentra una propiedad en buenas condiciones para alojarte en tu viaje a Rep\u00fablica Dominicana. Reserva en la plataforma de tu preferencia.\",\"breadcrumb\":{\"@id\":\"https:\\\/\\\/naluvaproperties.com\\\/propiedades\\\/#breadcrumb\"},\"inLanguage\":\"en-US\",\"potentialAction\":[{\"@type\":\"ReadAction\",\"target\":[\"https:\\\/\\\/naluvaproperties.com\\\/propiedades\\\/\"]}]},{\"@type\":\"ImageObject\",\"inLanguage\":\"en-US\",\"@id\":\"https:\\\/\\\/naluvaproperties.com\\\/propiedades\\\/#primaryimage\",\"url\":\"https:\\\/\\\/naluvaproperties.com\\\/wp-content\\\/uploads\\\/2025\\\/06\\\/gestionar-propiedades-en-airbnb-naluva-property-manager.jpg\",\"contentUrl\":\"https:\\\/\\\/naluvaproperties.com\\\/wp-content\\\/uploads\\\/2025\\\/06\\\/gestionar-propiedades-en-airbnb-naluva-property-manager.jpg\",\"width\":1500,\"height\":1000},{\"@type\":\"BreadcrumbList\",\"@id\":\"https:\\\/\\\/naluvaproperties.com\\\/propiedades\\\/#breadcrumb\",\"itemListElement\":[{\"@type\":\"ListItem\",\"position\":1,\"name\":\"Home\",\"item\":\"https:\\\/\\\/naluvaproperties.com\\\/\"},{\"@type\":\"ListItem\",\"position\":2,\"name\":\"Propiedades\"}]},{\"@type\":\"WebSite\",\"@id\":\"https:\\\/\\\/naluvaproperties.com\\\/#website\",\"url\":\"https:\\\/\\\/naluvaproperties.com\\\/\",\"name\":\"Naluva Property Manager\",\"description\":\"\",\"publisher\":{\"@id\":\"https:\\\/\\\/naluvaproperties.com\\\/#organization\"},\"potentialAction\":[{\"@type\":\"SearchAction\",\"target\":{\"@type\":\"EntryPoint\",\"urlTemplate\":\"https:\\\/\\\/naluvaproperties.com\\\/?s={search_term_string}\"},\"query-input\":{\"@type\":\"PropertyValueSpecification\",\"valueRequired\":true,\"valueName\":\"search_term_string\"}}],\"inLanguage\":\"en-US\"},{\"@type\":\"Organization\",\"@id\":\"https:\\\/\\\/naluvaproperties.com\\\/#organization\",\"name\":\"Naluva Property Manager\",\"url\":\"https:\\\/\\\/naluvaproperties.com\\\/\",\"logo\":{\"@type\":\"ImageObject\",\"inLanguage\":\"en-US\",\"@id\":\"https:\\\/\\\/naluvaproperties.com\\\/#\\\/schema\\\/logo\\\/image\\\/\",\"url\":\"https:\\\/\\\/naluvaproperties.com\\\/wp-content\\\/uploads\\\/2025\\\/06\\\/Logo-Naluva-Property-Manager-1.png\",\"contentUrl\":\"https:\\\/\\\/naluvaproperties.com\\\/wp-content\\\/uploads\\\/2025\\\/06\\\/Logo-Naluva-Property-Manager-1.png\",\"width\":1000,\"height\":1000,\"caption\":\"Naluva Property Manager\"},\"image\":{\"@id\":\"https:\\\/\\\/naluvaproperties.com\\\/#\\\/schema\\\/logo\\\/image\\\/\"},\"sameAs\":[\"https:\\\/\\\/www.facebook.com\\\/naluva.rd\",\"https:\\\/\\\/www.instagram.com\\\/naluva.rd\"]}]}<\/script>\n<!-- \/ Yoast SEO plugin. -->","yoast_head_json":{"title":"Propiedades - Naluva Property Manager","description":"Encuentra una propiedad en buenas condiciones para alojarte en tu viaje a Rep\u00fablica Dominicana. Reserva en la plataforma de tu preferencia.","robots":{"index":"index","follow":"follow","max-snippet":"max-snippet:-1","max-image-preview":"max-image-preview:large","max-video-preview":"max-video-preview:-1"},"canonical":"https:\/\/naluvaproperties.com\/en\/propiedades\/","og_locale":"en_US","og_type":"article","og_title":"Propiedades - Naluva Property Manager","og_description":"Encuentra una propiedad en buenas condiciones para alojarte en tu viaje a Rep\u00fablica Dominicana. Reserva en la plataforma de tu preferencia.","og_url":"https:\/\/naluvaproperties.com\/en\/propiedades\/","og_site_name":"Naluva Property Manager","article_publisher":"https:\/\/www.facebook.com\/naluva.rd","article_modified_time":"2025-12-28T02:02:30+00:00","og_image":[{"width":1500,"height":1000,"url":"https:\/\/naluvaproperties.com\/wp-content\/uploads\/2025\/06\/gestionar-propiedades-en-airbnb-naluva-property-manager.jpg","type":"image\/jpeg"}],"twitter_card":"summary_large_image","twitter_misc":{"Est. reading time":"1 minute"},"schema":{"@context":"https:\/\/schema.org","@graph":[{"@type":"WebPage","@id":"https:\/\/naluvaproperties.com\/propiedades\/","url":"https:\/\/naluvaproperties.com\/propiedades\/","name":"Propiedades - Naluva Property Manager","isPartOf":{"@id":"https:\/\/naluvaproperties.com\/#website"},"primaryImageOfPage":{"@id":"https:\/\/naluvaproperties.com\/propiedades\/#primaryimage"},"image":{"@id":"https:\/\/naluvaproperties.com\/propiedades\/#primaryimage"},"thumbnailUrl":"https:\/\/naluvaproperties.com\/wp-content\/uploads\/2025\/06\/gestionar-propiedades-en-airbnb-naluva-property-manager.jpg","datePublished":"2025-06-19T17:28:43+00:00","dateModified":"2025-12-28T02:02:30+00:00","description":"Encuentra una propiedad en buenas condiciones para alojarte en tu viaje a Rep\u00fablica Dominicana. Reserva en la plataforma de tu preferencia.","breadcrumb":{"@id":"https:\/\/naluvaproperties.com\/propiedades\/#breadcrumb"},"inLanguage":"en-US","potentialAction":[{"@type":"ReadAction","target":["https:\/\/naluvaproperties.com\/propiedades\/"]}]},{"@type":"ImageObject","inLanguage":"en-US","@id":"https:\/\/naluvaproperties.com\/propiedades\/#primaryimage","url":"https:\/\/naluvaproperties.com\/wp-content\/uploads\/2025\/06\/gestionar-propiedades-en-airbnb-naluva-property-manager.jpg","contentUrl":"https:\/\/naluvaproperties.com\/wp-content\/uploads\/2025\/06\/gestionar-propiedades-en-airbnb-naluva-property-manager.jpg","width":1500,"height":1000},{"@type":"BreadcrumbList","@id":"https:\/\/naluvaproperties.com\/propiedades\/#breadcrumb","itemListElement":[{"@type":"ListItem","position":1,"name":"Home","item":"https:\/\/naluvaproperties.com\/"},{"@type":"ListItem","position":2,"name":"Propiedades"}]},{"@type":"WebSite","@id":"https:\/\/naluvaproperties.com\/#website","url":"https:\/\/naluvaproperties.com\/","name":"Naluva Property Manager","description":"","publisher":{"@id":"https:\/\/naluvaproperties.com\/#organization"},"potentialAction":[{"@type":"SearchAction","target":{"@type":"EntryPoint","urlTemplate":"https:\/\/naluvaproperties.com\/?s={search_term_string}"},"query-input":{"@type":"PropertyValueSpecification","valueRequired":true,"valueName":"search_term_string"}}],"inLanguage":"en-US"},{"@type":"Organization","@id":"https:\/\/naluvaproperties.com\/#organization","name":"Naluva Property Manager","url":"https:\/\/naluvaproperties.com\/","logo":{"@type":"ImageObject","inLanguage":"en-US","@id":"https:\/\/naluvaproperties.com\/#\/schema\/logo\/image\/","url":"https:\/\/naluvaproperties.com\/wp-content\/uploads\/2025\/06\/Logo-Naluva-Property-Manager-1.png","contentUrl":"https:\/\/naluvaproperties.com\/wp-content\/uploads\/2025\/06\/Logo-Naluva-Property-Manager-1.png","width":1000,"height":1000,"caption":"Naluva Property Manager"},"image":{"@id":"https:\/\/naluvaproperties.com\/#\/schema\/logo\/image\/"},"sameAs":["https:\/\/www.facebook.com\/naluva.rd","https:\/\/www.instagram.com\/naluva.rd"]}]}},"_links":{"self":[{"href":"https:\/\/naluvaproperties.com\/en\/wp-json\/wp\/v2\/pages\/1265","targetHints":{"allow":["GET"]}}],"collection":[{"href":"https:\/\/naluvaproperties.com\/en\/wp-json\/wp\/v2\/pages"}],"about":[{"href":"https:\/\/naluvaproperties.com\/en\/wp-json\/wp\/v2\/types\/page"}],"author":[{"embeddable":true,"href":"https:\/\/naluvaproperties.com\/en\/wp-json\/wp\/v2\/users\/1"}],"replies":[{"embeddable":true,"href":"https:\/\/naluvaproperties.com\/en\/wp-json\/wp\/v2\/comments?post=1265"}],"version-history":[{"count":80,"href":"https:\/\/naluvaproperties.com\/en\/wp-json\/wp\/v2\/pages\/1265\/revisions"}],"predecessor-version":[{"id":2221,"href":"https:\/\/naluvaproperties.com\/en\/wp-json\/wp\/v2\/pages\/1265\/revisions\/2221"}],"wp:featuredmedia":[{"embeddable":true,"href":"https:\/\/naluvaproperties.com\/en\/wp-json\/wp\/v2\/media\/43"}],"wp:attachment":[{"href":"https:\/\/naluvaproperties.com\/en\/wp-json\/wp\/v2\/media?parent=1265"}],"curies":[{"name":"wp","href":"https:\/\/api.w.org\/{rel}","templated":true}]}}