{"id":3,"date":"2025-06-13T22:43:15","date_gmt":"2025-06-13T22:43:15","guid":{"rendered":"https:\/\/naluvaproperties.com\/?page_id=3"},"modified":"2025-07-02T01:09:10","modified_gmt":"2025-07-02T01:09:10","slug":"privacy-policy","status":"publish","type":"page","link":"https:\/\/naluvaproperties.com\/en\/privacy-policy\/","title":{"rendered":"Privacy policy"},"content":{"rendered":"<div style=\"height:100px\" aria-hidden=\"true\" class=\"wp-block-spacer\"><\/div>\n\n\n\n<h2 class=\"wp-block-heading\">Privacy policy<\/h2>\n\n\n\n<p>At <strong>Naluva Property Manager<\/strong>, we are committed to protecting your privacy. This Privacy Policy explains how we collect, use, share, and safeguard your personal information when you visit our website, use our services, or interact with us.<\/p>\n\n\n\n<hr class=\"wp-block-separator has-text-color has-ast-global-color-0-color has-alpha-channel-opacity has-ast-global-color-0-background-color has-background\"\/>\n\n\n\n<h3 class=\"wp-block-heading\">1. Who is responsible for processing your data?<\/h3>\n\n\n\n<p><strong>Data Controller:<\/strong><br><strong>Naluva Property Manager<\/strong><br>Email: hola@naluvaproperties.com <\/p>\n\n\n\n<hr class=\"wp-block-separator has-text-color has-ast-global-color-0-color has-alpha-channel-opacity has-ast-global-color-0-background-color has-background\"\/>\n\n\n\n<h3 class=\"wp-block-heading\">2. What personal data do we collect?<\/h3>\n\n\n\n<p>We may collect the following personal information:<\/p>\n\n\n\n<ul class=\"wp-block-list\">\n<li>Full name<\/li>\n\n\n\n<li>Email address<\/li>\n\n\n\n<li>Phone number<\/li>\n\n\n\n<li>Information about your rental property<\/li>\n\n\n\n<li>Booking, payment, or service request details<\/li>\n\n\n\n<li>IP address and browsing data (cookies, approximate location, device type, etc.)<\/li>\n<\/ul>\n\n\n\n<hr class=\"wp-block-separator has-text-color has-ast-global-color-0-color has-alpha-channel-opacity has-ast-global-color-0-background-color has-background\"\/>\n\n\n\n<h3 class=\"wp-block-heading\">3. Why do we process your data?<\/h3>\n\n\n\n<p>We use your information to:<\/p>\n\n\n\n<ul class=\"wp-block-list\">\n<li>Deliver our property management services<\/li>\n\n\n\n<li>Respond to inquiries, requests, or bookings<\/li>\n\n\n\n<li>Send marketing communications, if you\u2019ve given your consent<\/li>\n\n\n\n<li>Improve the website experience and functionality<\/li>\n\n\n\n<li>Comply with legal and contractual obligations<\/li>\n<\/ul>\n\n\n\n<hr class=\"wp-block-separator has-text-color has-ast-global-color-0-color has-alpha-channel-opacity has-ast-global-color-0-background-color has-background\"\/>\n\n\n\n<h3 class=\"wp-block-heading\">4. What is the legal basis for processing your data?<\/h3>\n\n\n\n<p>In accordance with the GDPR, we process your personal data based on one or more of the following grounds:<\/p>\n\n\n\n<ul class=\"wp-block-list\">\n<li>Your <strong>explicit consent<\/strong>such as when you fill out a form or accept cookies<\/li>\n\n\n\n<li>Contract <strong>performance<\/strong>, when you request our services<\/li>\n\n\n\n<li><strong>Naluva\u2019s legitimate interests<\/strong> , like responding to questions or improving the site<\/li>\n\n\n\n<li><strong>Legal obligations<\/strong>, such as invoicing or tax reporting<\/li>\n<\/ul>\n\n\n\n<hr class=\"wp-block-separator has-text-color has-ast-global-color-0-color has-alpha-channel-opacity has-ast-global-color-0-background-color has-background\"\/>\n\n\n\n<h3 class=\"wp-block-heading\">5. How long do we keep your data?<\/h3>\n\n\n\n<p>We retain your data only as long as needed for the purposes it was collected and to meet our legal obligations:<\/p>\n\n\n\n<ul class=\"wp-block-list\">\n<li>Client data for 5 years<\/li>\n\n\n\n<li>Contact forms: up to 12 months from last interaction<\/li>\n\n\n\n<li>Cookies: depending on the type, from 1 to 26 months<\/li>\n<\/ul>\n\n\n\n<hr class=\"wp-block-separator has-text-color has-ast-global-color-0-color has-alpha-channel-opacity has-ast-global-color-0-background-color has-background\"\/>\n\n\n\n<h3 class=\"wp-block-heading\">6. Who do we share your data with?<\/h3>\n\n\n\n<p>We may share your information with:<\/p>\n\n\n\n<ul class=\"wp-block-list\">\n<li>Third-party service providers (web hosting, email marketing, payment processors, analytics tools, etc.)<\/li>\n\n\n\n<li>Vacation rental platforms (like Airbnb, when applicable)<\/li>\n\n\n\n<li>Public authorities, if legally required<\/li>\n<\/ul>\n\n\n\n<p><strong>All providers are bound by confidentiality agreements and comply with GDPR where applicable.<\/strong><\/p>\n\n\n\n<hr class=\"wp-block-separator has-text-color has-ast-global-color-0-color has-alpha-channel-opacity has-ast-global-color-0-background-color has-background\"\/>\n\n\n\n<h3 class=\"wp-block-heading\">7. International data transfers<\/h3>\n\n\n\n<p>Some of our providers may be located outside the European Economic Area (EEA). In those cases, we ensure appropriate safeguards are in place, such as <strong>standard contractual clauses<\/strong> approved by the European Commission.<\/p>\n\n\n\n<hr class=\"wp-block-separator has-text-color has-ast-global-color-0-color has-alpha-channel-opacity has-ast-global-color-0-background-color has-background\"\/>\n\n\n\n<h3 class=\"wp-block-heading\">8. What are your GDPR rights?<\/h3>\n\n\n\n<p>You have the right to:<\/p>\n\n\n\n<ul class=\"wp-block-list\">\n<li><strong>Access<\/strong> your personal data<\/li>\n\n\n\n<li><strong>Correct<\/strong> inaccurate or incomplete data<\/li>\n\n\n\n<li><strong>Request deletion<\/strong> of your data (\u201cright to be forgotten\u201d)<\/li>\n\n\n\n<li><strong>Restrict<\/strong> how your data is processed<\/li>\n\n\n\n<li><strong>Object<\/strong> to processing based on legitimate interests<\/li>\n\n\n\n<li><strong>Withdraw your consent<\/strong> at any time<\/li>\n\n\n\n<li><strong>Transfer your data<\/strong> to another service provider<\/li>\n\n\n\n<li><strong>File a complaint<\/strong> with a data protection authority (for example, in Spain: <a class=\"\" href=\"http:\/\/www.aepd.es\">www.aepd.es<\/a>)<\/li>\n<\/ul>\n\n\n\n<p>To exercise any of these rights, please contact us at: <strong>hola@naluvaproperties.com <\/strong><\/p>\n\n\n\n<hr class=\"wp-block-separator has-text-color has-ast-global-color-0-color has-alpha-channel-opacity has-ast-global-color-0-background-color has-background\"\/>\n\n\n\n<h3 class=\"wp-block-heading\" id=\"cookies\">9. Cookies and similar technologies<\/h3>\n\n\n\n<p>We use cookies to:<\/p>\n\n\n\n<ul class=\"wp-block-list\">\n<li>Remember your preferences<\/li>\n\n\n\n<li>Measure website traffic and user behavior<\/li>\n\n\n\n<li>Deliver relevant advertising (if applicable)<\/li>\n<\/ul>\n\n\n\n<p>You can accept or reject cookies when you enter the site, and manage them through your browser settings at any time. <\/p>\n\n\n\n<hr class=\"wp-block-separator has-text-color has-ast-global-color-0-color has-alpha-channel-opacity has-ast-global-color-0-background-color has-background\"\/>\n\n\n\n<h3 class=\"wp-block-heading\">10. Changes to this Policy<\/h3>\n\n\n\n<p>We reserve the right to update this policy. Any changes will be posted on this page with the revised date. We encourage you to review it periodically.<\/p>\n\n\n\n<p>Last updated: June 22, 2025<\/p>\n\n\n\n<div style=\"height:100px\" aria-hidden=\"true\" class=\"wp-block-spacer\"><\/div>","protected":false},"excerpt":{"rendered":"<p>Pol\u00edtica de Privacidad En Naluva Property Manager, nos comprometemos a proteger su privacidad. Esta Pol\u00edtica de Privacidad explica c\u00f3mo recopilamos, utilizamos, compartimos y protegemos su informaci\u00f3n personal cuando visita nuestro sitio web, utiliza nuestros servicios o interact\u00faa con nosotros. 1. \u00bfQui\u00e9n es el responsable del tratamiento de sus datos? Responsable del tratamiento:Naluva Property ManagerCorreo electr\u00f3nico de contacto: hola@naluvaproperties.com 2. \u00bfQu\u00e9 datos personales recopilamos? Podemos recopilar los siguientes datos personales: 3. \u00bfCon qu\u00e9 finalidad tratamos sus datos? Usamos sus datos para: 4. \u00bfCu\u00e1l es la base legal del tratamiento de datos? Seg\u00fan el GDPR, tratamos sus datos personales en base a una o m\u00e1s de las siguientes condiciones: 5. \u00bfPor cu\u00e1nto tiempo conservamos sus datos? Conservamos los datos solo el tiempo necesario para las finalidades para las que fueron recopilados, y para cumplir con nuestras obligaciones legales: 6. \u00bfCon qui\u00e9n compartimos sus datos? Podemos compartir su informaci\u00f3n con: Todos los proveedores est\u00e1n sujetos a acuerdos de confidencialidad y cumplen con el GDPR cuando corresponde. 7. Transferencias internacionales de datos Algunos de nuestros proveedores pueden estar ubicados fuera del Espacio Econ\u00f3mico Europeo (EEE). En esos casos, nos aseguramos de que existan garant\u00edas adecuadas, como cl\u00e1usulas contractuales tipo aprobadas por la Comisi\u00f3n Europea. 8. \u00bfCu\u00e1les son sus derechos seg\u00fan el GDPR? Usted tiene derecho a: Para ejercer cualquiera de estos derechos, cont\u00e1ctenos a: hola@naluvaproperties.com 9. Cookies y tecnolog\u00edas similares Utilizamos cookies para: Puede aceptar o rechazar las cookies al ingresar al sitio, y tambi\u00e9n configurarlas desde su navegador. 10. Cambios a esta Pol\u00edtica Nos reservamos el derecho de modificar esta pol\u00edtica. Las actualizaciones ser\u00e1n publicadas en esta misma p\u00e1gina, indicando la fecha de revisi\u00f3n. Le recomendamos revisarla peri\u00f3dicamente. \u00daltima revisi\u00f3n: 22 de Junio 2025<\/p>","protected":false},"author":1,"featured_media":0,"parent":0,"menu_order":0,"comment_status":"closed","ping_status":"open","template":"","meta":{"site-sidebar-layout":"default","site-content-layout":"","ast-site-content-layout":"default","site-content-style":"default","site-sidebar-style":"default","ast-global-header-display":"","ast-banner-title-visibility":"","ast-main-header-display":"","ast-hfb-above-header-display":"","ast-hfb-below-header-display":"","ast-hfb-mobile-header-display":"","site-post-title":"disabled","ast-breadcrumbs-content":"","ast-featured-img":"","footer-sml-layout":"","ast-disable-related-posts":"","theme-transparent-header-meta":"","adv-header-id-meta":"","stick-header-meta":"","header-above-stick-meta":"","header-main-stick-meta":"","header-below-stick-meta":"","astra-migrate-meta-layouts":"default","ast-page-background-enabled":"default","ast-page-background-meta":{"desktop":{"background-color":"var(--ast-global-color-5)","background-image":"","background-repeat":"repeat","background-position":"center center","background-size":"auto","background-attachment":"scroll","background-type":"","background-media":"","overlay-type":"","overlay-color":"","overlay-opacity":"","overlay-gradient":""},"tablet":{"background-color":"","background-image":"","background-repeat":"repeat","background-position":"center center","background-size":"auto","background-attachment":"scroll","background-type":"","background-media":"","overlay-type":"","overlay-color":"","overlay-opacity":"","overlay-gradient":""},"mobile":{"background-color":"","background-image":"","background-repeat":"repeat","background-position":"center center","background-size":"auto","background-attachment":"scroll","background-type":"","background-media":"","overlay-type":"","overlay-color":"","overlay-opacity":"","overlay-gradient":""}},"ast-content-background-meta":{"desktop":{"background-color":"var(--ast-global-color-4)","background-image":"","background-repeat":"repeat","background-position":"center center","background-size":"auto","background-attachment":"scroll","background-type":"","background-media":"","overlay-type":"","overlay-color":"","overlay-opacity":"","overlay-gradient":""},"tablet":{"background-color":"var(--ast-global-color-4)","background-image":"","background-repeat":"repeat","background-position":"center center","background-size":"auto","background-attachment":"scroll","background-type":"","background-media":"","overlay-type":"","overlay-color":"","overlay-opacity":"","overlay-gradient":""},"mobile":{"background-color":"var(--ast-global-color-4)","background-image":"","background-repeat":"repeat","background-position":"center center","background-size":"auto","background-attachment":"scroll","background-type":"","background-media":"","overlay-type":"","overlay-color":"","overlay-opacity":"","overlay-gradient":""}},"footnotes":""},"class_list":["post-3","page","type-page","status-publish","hentry"],"yoast_head":"<!-- This site is optimized with the Yoast SEO plugin v27.4 - https:\/\/yoast.com\/product\/yoast-seo-wordpress\/ -->\n<title>Pol\u00edtica de Privacidad - Naluva Property Manager<\/title>\n<meta name=\"robots\" content=\"index, follow, max-snippet:-1, max-image-preview:large, max-video-preview:-1\" \/>\n<link rel=\"canonical\" href=\"https:\/\/naluvaproperties.com\/en\/privacy-policy\/\" \/>\n<meta property=\"og:locale\" content=\"en_US\" \/>\n<meta property=\"og:type\" content=\"article\" \/>\n<meta property=\"og:title\" content=\"Pol\u00edtica de Privacidad - Naluva Property Manager\" \/>\n<meta property=\"og:description\" content=\"Pol\u00edtica de Privacidad En Naluva Property Manager, nos comprometemos a proteger su privacidad. Esta Pol\u00edtica de Privacidad explica c\u00f3mo recopilamos, utilizamos, compartimos y protegemos su informaci\u00f3n personal cuando visita nuestro sitio web, utiliza nuestros servicios o interact\u00faa con nosotros. 1. \u00bfQui\u00e9n es el responsable del tratamiento de sus datos? Responsable del tratamiento:Naluva Property ManagerCorreo electr\u00f3nico de contacto: hola@naluvaproperties.com 2. \u00bfQu\u00e9 datos personales recopilamos? Podemos recopilar los siguientes datos personales: 3. \u00bfCon qu\u00e9 finalidad tratamos sus datos? Usamos sus datos para: 4. \u00bfCu\u00e1l es la base legal del tratamiento de datos? Seg\u00fan el GDPR, tratamos sus datos personales en base a una o m\u00e1s de las siguientes condiciones: 5. \u00bfPor cu\u00e1nto tiempo conservamos sus datos? Conservamos los datos solo el tiempo necesario para las finalidades para las que fueron recopilados, y para cumplir con nuestras obligaciones legales: 6. \u00bfCon qui\u00e9n compartimos sus datos? Podemos compartir su informaci\u00f3n con: Todos los proveedores est\u00e1n sujetos a acuerdos de confidencialidad y cumplen con el GDPR cuando corresponde. 7. Transferencias internacionales de datos Algunos de nuestros proveedores pueden estar ubicados fuera del Espacio Econ\u00f3mico Europeo (EEE). En esos casos, nos aseguramos de que existan garant\u00edas adecuadas, como cl\u00e1usulas contractuales tipo aprobadas por la Comisi\u00f3n Europea. 8. \u00bfCu\u00e1les son sus derechos seg\u00fan el GDPR? Usted tiene derecho a: Para ejercer cualquiera de estos derechos, cont\u00e1ctenos a: hola@naluvaproperties.com 9. Cookies y tecnolog\u00edas similares Utilizamos cookies para: Puede aceptar o rechazar las cookies al ingresar al sitio, y tambi\u00e9n configurarlas desde su navegador. 10. Cambios a esta Pol\u00edtica Nos reservamos el derecho de modificar esta pol\u00edtica. Las actualizaciones ser\u00e1n publicadas en esta misma p\u00e1gina, indicando la fecha de revisi\u00f3n. Le recomendamos revisarla peri\u00f3dicamente. \u00daltima revisi\u00f3n: 22 de Junio 2025\" \/>\n<meta property=\"og:url\" content=\"https:\/\/naluvaproperties.com\/en\/privacy-policy\/\" \/>\n<meta property=\"og:site_name\" content=\"Naluva Property Manager\" \/>\n<meta property=\"article:publisher\" content=\"https:\/\/www.facebook.com\/naluva.rd\" \/>\n<meta property=\"article:modified_time\" content=\"2025-07-02T01:09:10+00:00\" \/>\n<meta name=\"twitter:card\" content=\"summary_large_image\" \/>\n<meta name=\"twitter:label1\" content=\"Est. reading time\" \/>\n\t<meta name=\"twitter:data1\" content=\"3 minutes\" \/>\n<script type=\"application\/ld+json\" class=\"yoast-schema-graph\">{\"@context\":\"https:\\\/\\\/schema.org\",\"@graph\":[{\"@type\":\"WebPage\",\"@id\":\"https:\\\/\\\/naluvaproperties.com\\\/privacy-policy\\\/\",\"url\":\"https:\\\/\\\/naluvaproperties.com\\\/privacy-policy\\\/\",\"name\":\"Pol\u00edtica de Privacidad - Naluva Property Manager\",\"isPartOf\":{\"@id\":\"https:\\\/\\\/naluvaproperties.com\\\/#website\"},\"datePublished\":\"2025-06-13T22:43:15+00:00\",\"dateModified\":\"2025-07-02T01:09:10+00:00\",\"breadcrumb\":{\"@id\":\"https:\\\/\\\/naluvaproperties.com\\\/privacy-policy\\\/#breadcrumb\"},\"inLanguage\":\"en-US\",\"potentialAction\":[{\"@type\":\"ReadAction\",\"target\":[\"https:\\\/\\\/naluvaproperties.com\\\/privacy-policy\\\/\"]}]},{\"@type\":\"BreadcrumbList\",\"@id\":\"https:\\\/\\\/naluvaproperties.com\\\/privacy-policy\\\/#breadcrumb\",\"itemListElement\":[{\"@type\":\"ListItem\",\"position\":1,\"name\":\"Home\",\"item\":\"https:\\\/\\\/naluvaproperties.com\\\/\"},{\"@type\":\"ListItem\",\"position\":2,\"name\":\"Pol\u00edtica de Privacidad\"}]},{\"@type\":\"WebSite\",\"@id\":\"https:\\\/\\\/naluvaproperties.com\\\/#website\",\"url\":\"https:\\\/\\\/naluvaproperties.com\\\/\",\"name\":\"Naluva Property Manager\",\"description\":\"\",\"publisher\":{\"@id\":\"https:\\\/\\\/naluvaproperties.com\\\/#organization\"},\"potentialAction\":[{\"@type\":\"SearchAction\",\"target\":{\"@type\":\"EntryPoint\",\"urlTemplate\":\"https:\\\/\\\/naluvaproperties.com\\\/?s={search_term_string}\"},\"query-input\":{\"@type\":\"PropertyValueSpecification\",\"valueRequired\":true,\"valueName\":\"search_term_string\"}}],\"inLanguage\":\"en-US\"},{\"@type\":\"Organization\",\"@id\":\"https:\\\/\\\/naluvaproperties.com\\\/#organization\",\"name\":\"Naluva Property Manager\",\"url\":\"https:\\\/\\\/naluvaproperties.com\\\/\",\"logo\":{\"@type\":\"ImageObject\",\"inLanguage\":\"en-US\",\"@id\":\"https:\\\/\\\/naluvaproperties.com\\\/#\\\/schema\\\/logo\\\/image\\\/\",\"url\":\"https:\\\/\\\/naluvaproperties.com\\\/wp-content\\\/uploads\\\/2025\\\/06\\\/Logo-Naluva-Property-Manager-1.png\",\"contentUrl\":\"https:\\\/\\\/naluvaproperties.com\\\/wp-content\\\/uploads\\\/2025\\\/06\\\/Logo-Naluva-Property-Manager-1.png\",\"width\":1000,\"height\":1000,\"caption\":\"Naluva Property Manager\"},\"image\":{\"@id\":\"https:\\\/\\\/naluvaproperties.com\\\/#\\\/schema\\\/logo\\\/image\\\/\"},\"sameAs\":[\"https:\\\/\\\/www.facebook.com\\\/naluva.rd\",\"https:\\\/\\\/www.instagram.com\\\/naluva.rd\"]}]}<\/script>\n<!-- \/ Yoast SEO plugin. -->","yoast_head_json":{"title":"Pol\u00edtica de Privacidad - Naluva Property Manager","robots":{"index":"index","follow":"follow","max-snippet":"max-snippet:-1","max-image-preview":"max-image-preview:large","max-video-preview":"max-video-preview:-1"},"canonical":"https:\/\/naluvaproperties.com\/en\/privacy-policy\/","og_locale":"en_US","og_type":"article","og_title":"Pol\u00edtica de Privacidad - Naluva Property Manager","og_description":"Pol\u00edtica de Privacidad En Naluva Property Manager, nos comprometemos a proteger su privacidad. Esta Pol\u00edtica de Privacidad explica c\u00f3mo recopilamos, utilizamos, compartimos y protegemos su informaci\u00f3n personal cuando visita nuestro sitio web, utiliza nuestros servicios o interact\u00faa con nosotros. 1. \u00bfQui\u00e9n es el responsable del tratamiento de sus datos? Responsable del tratamiento:Naluva Property ManagerCorreo electr\u00f3nico de contacto: hola@naluvaproperties.com 2. \u00bfQu\u00e9 datos personales recopilamos? Podemos recopilar los siguientes datos personales: 3. \u00bfCon qu\u00e9 finalidad tratamos sus datos? Usamos sus datos para: 4. \u00bfCu\u00e1l es la base legal del tratamiento de datos? Seg\u00fan el GDPR, tratamos sus datos personales en base a una o m\u00e1s de las siguientes condiciones: 5. \u00bfPor cu\u00e1nto tiempo conservamos sus datos? Conservamos los datos solo el tiempo necesario para las finalidades para las que fueron recopilados, y para cumplir con nuestras obligaciones legales: 6. \u00bfCon qui\u00e9n compartimos sus datos? Podemos compartir su informaci\u00f3n con: Todos los proveedores est\u00e1n sujetos a acuerdos de confidencialidad y cumplen con el GDPR cuando corresponde. 7. Transferencias internacionales de datos Algunos de nuestros proveedores pueden estar ubicados fuera del Espacio Econ\u00f3mico Europeo (EEE). En esos casos, nos aseguramos de que existan garant\u00edas adecuadas, como cl\u00e1usulas contractuales tipo aprobadas por la Comisi\u00f3n Europea. 8. \u00bfCu\u00e1les son sus derechos seg\u00fan el GDPR? Usted tiene derecho a: Para ejercer cualquiera de estos derechos, cont\u00e1ctenos a: hola@naluvaproperties.com 9. Cookies y tecnolog\u00edas similares Utilizamos cookies para: Puede aceptar o rechazar las cookies al ingresar al sitio, y tambi\u00e9n configurarlas desde su navegador. 10. Cambios a esta Pol\u00edtica Nos reservamos el derecho de modificar esta pol\u00edtica. Las actualizaciones ser\u00e1n publicadas en esta misma p\u00e1gina, indicando la fecha de revisi\u00f3n. Le recomendamos revisarla peri\u00f3dicamente. \u00daltima revisi\u00f3n: 22 de Junio 2025","og_url":"https:\/\/naluvaproperties.com\/en\/privacy-policy\/","og_site_name":"Naluva Property Manager","article_publisher":"https:\/\/www.facebook.com\/naluva.rd","article_modified_time":"2025-07-02T01:09:10+00:00","twitter_card":"summary_large_image","twitter_misc":{"Est. reading time":"3 minutes"},"schema":{"@context":"https:\/\/schema.org","@graph":[{"@type":"WebPage","@id":"https:\/\/naluvaproperties.com\/privacy-policy\/","url":"https:\/\/naluvaproperties.com\/privacy-policy\/","name":"Pol\u00edtica de Privacidad - Naluva Property Manager","isPartOf":{"@id":"https:\/\/naluvaproperties.com\/#website"},"datePublished":"2025-06-13T22:43:15+00:00","dateModified":"2025-07-02T01:09:10+00:00","breadcrumb":{"@id":"https:\/\/naluvaproperties.com\/privacy-policy\/#breadcrumb"},"inLanguage":"en-US","potentialAction":[{"@type":"ReadAction","target":["https:\/\/naluvaproperties.com\/privacy-policy\/"]}]},{"@type":"BreadcrumbList","@id":"https:\/\/naluvaproperties.com\/privacy-policy\/#breadcrumb","itemListElement":[{"@type":"ListItem","position":1,"name":"Home","item":"https:\/\/naluvaproperties.com\/"},{"@type":"ListItem","position":2,"name":"Pol\u00edtica de Privacidad"}]},{"@type":"WebSite","@id":"https:\/\/naluvaproperties.com\/#website","url":"https:\/\/naluvaproperties.com\/","name":"Naluva Property Manager","description":"","publisher":{"@id":"https:\/\/naluvaproperties.com\/#organization"},"potentialAction":[{"@type":"SearchAction","target":{"@type":"EntryPoint","urlTemplate":"https:\/\/naluvaproperties.com\/?s={search_term_string}"},"query-input":{"@type":"PropertyValueSpecification","valueRequired":true,"valueName":"search_term_string"}}],"inLanguage":"en-US"},{"@type":"Organization","@id":"https:\/\/naluvaproperties.com\/#organization","name":"Naluva Property Manager","url":"https:\/\/naluvaproperties.com\/","logo":{"@type":"ImageObject","inLanguage":"en-US","@id":"https:\/\/naluvaproperties.com\/#\/schema\/logo\/image\/","url":"https:\/\/naluvaproperties.com\/wp-content\/uploads\/2025\/06\/Logo-Naluva-Property-Manager-1.png","contentUrl":"https:\/\/naluvaproperties.com\/wp-content\/uploads\/2025\/06\/Logo-Naluva-Property-Manager-1.png","width":1000,"height":1000,"caption":"Naluva Property Manager"},"image":{"@id":"https:\/\/naluvaproperties.com\/#\/schema\/logo\/image\/"},"sameAs":["https:\/\/www.facebook.com\/naluva.rd","https:\/\/www.instagram.com\/naluva.rd"]}]}},"_links":{"self":[{"href":"https:\/\/naluvaproperties.com\/en\/wp-json\/wp\/v2\/pages\/3","targetHints":{"allow":["GET"]}}],"collection":[{"href":"https:\/\/naluvaproperties.com\/en\/wp-json\/wp\/v2\/pages"}],"about":[{"href":"https:\/\/naluvaproperties.com\/en\/wp-json\/wp\/v2\/types\/page"}],"author":[{"embeddable":true,"href":"https:\/\/naluvaproperties.com\/en\/wp-json\/wp\/v2\/users\/1"}],"replies":[{"embeddable":true,"href":"https:\/\/naluvaproperties.com\/en\/wp-json\/wp\/v2\/comments?post=3"}],"version-history":[{"count":6,"href":"https:\/\/naluvaproperties.com\/en\/wp-json\/wp\/v2\/pages\/3\/revisions"}],"predecessor-version":[{"id":2160,"href":"https:\/\/naluvaproperties.com\/en\/wp-json\/wp\/v2\/pages\/3\/revisions\/2160"}],"wp:attachment":[{"href":"https:\/\/naluvaproperties.com\/en\/wp-json\/wp\/v2\/media?parent=3"}],"curies":[{"name":"wp","href":"https:\/\/api.w.org\/{rel}","templated":true}]}}